{"id":836,"date":"2023-04-26T23:27:33","date_gmt":"2023-04-26T23:27:33","guid":{"rendered":"https:\/\/jardinkangaroo.cl\/?post_type=product&#038;p=836"},"modified":"2023-04-26T23:29:35","modified_gmt":"2023-04-26T23:29:35","slug":"prueba","status":"publish","type":"product","link":"https:\/\/jardinkangaroo.cl\/?product=prueba","title":{"rendered":"Prueba"},"content":{"rendered":"<p>Los entrenamientos ser\u00e1n enfocados en ni\u00f1os en su educaci\u00f3n inicial (desde los 3 a\u00f1os). Es necesario que los ni\u00f1os sean capaces de desarrollar sus patrones motores b\u00e1sicos, pero estos no pueden alcanzar su m\u00e1ximo nivel si no son motivados a realizar dichos movimientos.<\/p>\n<p><strong>Profesor:<\/strong> Julio Contreras R\u00edos, entrenador de f\u00fatbol Licencia profesional<br \/>\n<strong>Imparte:<\/strong> BabyFut, iniciaci\u00f3n al f\u00fatbol.<br \/>\n<strong>Duraci\u00f3n:<\/strong> 45 minutos 2 veces por semana.<br \/>\n<strong>Vestimenta:<\/strong> Buzo deportivo, polera y zapatillas. Pelo largo amarrado.<br \/>\n<strong>Valor:<\/strong> $35.000 mensual<\/p>\n","protected":false},"excerpt":{"rendered":"<p>Los entrenamientos ser\u00e1n enfocados en ni\u00f1os en su educaci\u00f3n inicial (desde los 3 a\u00f1os). Es necesario que los ni\u00f1os sean capaces de desarrollar sus patrones motores b\u00e1sicos, pero estos no pueden alcanzar su m\u00e1ximo nivel si no son motivados a realizar dichos movimientos. Profesor: Julio Contreras R\u00edos, entrenador de f\u00fatbol Licencia profesional Imparte: BabyFut, iniciaci\u00f3n [&hellip;]<\/p>\n","protected":false},"featured_media":0,"comment_status":"open","ping_status":"closed","template":"","meta":[],"product_cat":[20],"product_tag":[],"class_list":{"0":"post-836","1":"product","2":"type-product","3":"status-publish","5":"product_cat-talleres","7":"first","8":"instock","9":"taxable","10":"shipping-taxable","11":"purchasable","12":"product-type-simple"},"yoast_head":"<!-- This site is optimized with the Yoast SEO plugin v20.6 - https:\/\/yoast.com\/wordpress\/plugins\/seo\/ -->\n<title>Prueba - Jard\u00edn Kangaroo<\/title>\n<meta name=\"robots\" content=\"index, follow, max-snippet:-1, max-image-preview:large, max-video-preview:-1\" \/>\n<link rel=\"canonical\" href=\"https:\/\/jardinkangaroo.cl\/?product=prueba\" \/>\n<meta property=\"og:locale\" content=\"es_ES\" \/>\n<meta property=\"og:type\" content=\"article\" \/>\n<meta property=\"og:title\" content=\"Prueba - Jard\u00edn Kangaroo\" \/>\n<meta property=\"og:description\" content=\"Los entrenamientos ser\u00e1n enfocados en ni\u00f1os en su educaci\u00f3n inicial (desde los 3 a\u00f1os). Es necesario que los ni\u00f1os sean capaces de desarrollar sus patrones motores b\u00e1sicos, pero estos no pueden alcanzar su m\u00e1ximo nivel si no son motivados a realizar dichos movimientos. Profesor: Julio Contreras R\u00edos, entrenador de f\u00fatbol Licencia profesional Imparte: BabyFut, iniciaci\u00f3n [&hellip;]\" \/>\n<meta property=\"og:url\" content=\"https:\/\/jardinkangaroo.cl\/?product=prueba\" \/>\n<meta property=\"og:site_name\" content=\"Jard\u00edn Kangaroo\" \/>\n<meta property=\"article:modified_time\" content=\"2023-04-26T23:29:35+00:00\" \/>\n<meta property=\"og:image\" content=\"https:\/\/jardinkangaroo.cl\/wp-content\/uploads\/2021\/11\/kangaroo-jio-taller2.png\" \/>\n\t<meta property=\"og:image:width\" content=\"1200\" \/>\n\t<meta property=\"og:image:height\" content=\"1200\" \/>\n\t<meta property=\"og:image:type\" content=\"image\/png\" \/>\n<meta name=\"twitter:card\" content=\"summary_large_image\" \/>\n<meta name=\"twitter:label1\" content=\"Tiempo de lectura\" \/>\n\t<meta name=\"twitter:data1\" content=\"1 minuto\" \/>\n<script type=\"application\/ld+json\" class=\"yoast-schema-graph\">{\"@context\":\"https:\/\/schema.org\",\"@graph\":[{\"@type\":\"WebPage\",\"@id\":\"https:\/\/jardinkangaroo.cl\/?product=prueba\",\"url\":\"https:\/\/jardinkangaroo.cl\/?product=prueba\",\"name\":\"Prueba - Jard\u00edn Kangaroo\",\"isPartOf\":{\"@id\":\"https:\/\/jardinkangaroo.cl\/#website\"},\"datePublished\":\"2023-04-26T23:27:33+00:00\",\"dateModified\":\"2023-04-26T23:29:35+00:00\",\"breadcrumb\":{\"@id\":\"https:\/\/jardinkangaroo.cl\/?product=prueba#breadcrumb\"},\"inLanguage\":\"es\",\"potentialAction\":[{\"@type\":\"ReadAction\",\"target\":[\"https:\/\/jardinkangaroo.cl\/?product=prueba\"]}]},{\"@type\":\"BreadcrumbList\",\"@id\":\"https:\/\/jardinkangaroo.cl\/?product=prueba#breadcrumb\",\"itemListElement\":[{\"@type\":\"ListItem\",\"position\":1,\"name\":\"Portada\",\"item\":\"https:\/\/jardinkangaroo.cl\/\"},{\"@type\":\"ListItem\",\"position\":2,\"name\":\"Tienda\",\"item\":\"https:\/\/jardinkangaroo.cl\/?page_id=6\"},{\"@type\":\"ListItem\",\"position\":3,\"name\":\"Prueba\"}]},{\"@type\":\"WebSite\",\"@id\":\"https:\/\/jardinkangaroo.cl\/#website\",\"url\":\"https:\/\/jardinkangaroo.cl\/\",\"name\":\"Jard\u00edn Kangaroo\",\"description\":\"Jard\u00edn Infantil y Sala Cuna en Chicureo\",\"publisher\":{\"@id\":\"https:\/\/jardinkangaroo.cl\/#organization\"},\"potentialAction\":[{\"@type\":\"SearchAction\",\"target\":{\"@type\":\"EntryPoint\",\"urlTemplate\":\"https:\/\/jardinkangaroo.cl\/?s={search_term_string}\"},\"query-input\":\"required name=search_term_string\"}],\"inLanguage\":\"es\"},{\"@type\":\"Organization\",\"@id\":\"https:\/\/jardinkangaroo.cl\/#organization\",\"name\":\"Jard\u00edn Kangaroo\",\"url\":\"https:\/\/jardinkangaroo.cl\/\",\"logo\":{\"@type\":\"ImageObject\",\"inLanguage\":\"es\",\"@id\":\"https:\/\/jardinkangaroo.cl\/#\/schema\/logo\/image\/\",\"url\":\"https:\/\/jardinkangaroo.cl\/wp-content\/uploads\/2025\/02\/cropped-Wordmark.png\",\"contentUrl\":\"https:\/\/jardinkangaroo.cl\/wp-content\/uploads\/2025\/02\/cropped-Wordmark.png\",\"width\":318,\"height\":74,\"caption\":\"Jard\u00edn Kangaroo\"},\"image\":{\"@id\":\"https:\/\/jardinkangaroo.cl\/#\/schema\/logo\/image\/\"}}]}<\/script>\n<!-- \/ Yoast SEO plugin. -->","yoast_head_json":{"title":"Prueba - Jard\u00edn Kangaroo","robots":{"index":"index","follow":"follow","max-snippet":"max-snippet:-1","max-image-preview":"max-image-preview:large","max-video-preview":"max-video-preview:-1"},"canonical":"https:\/\/jardinkangaroo.cl\/?product=prueba","og_locale":"es_ES","og_type":"article","og_title":"Prueba - Jard\u00edn Kangaroo","og_description":"Los entrenamientos ser\u00e1n enfocados en ni\u00f1os en su educaci\u00f3n inicial (desde los 3 a\u00f1os). Es necesario que los ni\u00f1os sean capaces de desarrollar sus patrones motores b\u00e1sicos, pero estos no pueden alcanzar su m\u00e1ximo nivel si no son motivados a realizar dichos movimientos. Profesor: Julio Contreras R\u00edos, entrenador de f\u00fatbol Licencia profesional Imparte: BabyFut, iniciaci\u00f3n [&hellip;]","og_url":"https:\/\/jardinkangaroo.cl\/?product=prueba","og_site_name":"Jard\u00edn Kangaroo","article_modified_time":"2023-04-26T23:29:35+00:00","og_image":[{"width":1200,"height":1200,"url":"https:\/\/jardinkangaroo.cl\/wp-content\/uploads\/2021\/11\/kangaroo-jio-taller2.png","type":"image\/png"}],"twitter_card":"summary_large_image","twitter_misc":{"Tiempo de lectura":"1 minuto"},"schema":{"@context":"https:\/\/schema.org","@graph":[{"@type":"WebPage","@id":"https:\/\/jardinkangaroo.cl\/?product=prueba","url":"https:\/\/jardinkangaroo.cl\/?product=prueba","name":"Prueba - Jard\u00edn Kangaroo","isPartOf":{"@id":"https:\/\/jardinkangaroo.cl\/#website"},"datePublished":"2023-04-26T23:27:33+00:00","dateModified":"2023-04-26T23:29:35+00:00","breadcrumb":{"@id":"https:\/\/jardinkangaroo.cl\/?product=prueba#breadcrumb"},"inLanguage":"es","potentialAction":[{"@type":"ReadAction","target":["https:\/\/jardinkangaroo.cl\/?product=prueba"]}]},{"@type":"BreadcrumbList","@id":"https:\/\/jardinkangaroo.cl\/?product=prueba#breadcrumb","itemListElement":[{"@type":"ListItem","position":1,"name":"Portada","item":"https:\/\/jardinkangaroo.cl\/"},{"@type":"ListItem","position":2,"name":"Tienda","item":"https:\/\/jardinkangaroo.cl\/?page_id=6"},{"@type":"ListItem","position":3,"name":"Prueba"}]},{"@type":"WebSite","@id":"https:\/\/jardinkangaroo.cl\/#website","url":"https:\/\/jardinkangaroo.cl\/","name":"Jard\u00edn Kangaroo","description":"Jard\u00edn Infantil y Sala Cuna en Chicureo","publisher":{"@id":"https:\/\/jardinkangaroo.cl\/#organization"},"potentialAction":[{"@type":"SearchAction","target":{"@type":"EntryPoint","urlTemplate":"https:\/\/jardinkangaroo.cl\/?s={search_term_string}"},"query-input":"required name=search_term_string"}],"inLanguage":"es"},{"@type":"Organization","@id":"https:\/\/jardinkangaroo.cl\/#organization","name":"Jard\u00edn Kangaroo","url":"https:\/\/jardinkangaroo.cl\/","logo":{"@type":"ImageObject","inLanguage":"es","@id":"https:\/\/jardinkangaroo.cl\/#\/schema\/logo\/image\/","url":"https:\/\/jardinkangaroo.cl\/wp-content\/uploads\/2025\/02\/cropped-Wordmark.png","contentUrl":"https:\/\/jardinkangaroo.cl\/wp-content\/uploads\/2025\/02\/cropped-Wordmark.png","width":318,"height":74,"caption":"Jard\u00edn Kangaroo"},"image":{"@id":"https:\/\/jardinkangaroo.cl\/#\/schema\/logo\/image\/"}}]}},"_links":{"self":[{"href":"https:\/\/jardinkangaroo.cl\/index.php?rest_route=\/wp\/v3\/product\/836","targetHints":{"allow":["GET"]}}],"collection":[{"href":"https:\/\/jardinkangaroo.cl\/index.php?rest_route=\/wp\/v3\/product"}],"about":[{"href":"https:\/\/jardinkangaroo.cl\/index.php?rest_route=\/wp\/v2\/types\/product"}],"replies":[{"embeddable":true,"href":"https:\/\/jardinkangaroo.cl\/index.php?rest_route=%2Fwp%2Fv2%2Fcomments&post=836"}],"wp:attachment":[{"href":"https:\/\/jardinkangaroo.cl\/index.php?rest_route=%2Fwp%2Fv2%2Fmedia&parent=836"}],"wp:term":[{"taxonomy":"product_cat","embeddable":true,"href":"https:\/\/jardinkangaroo.cl\/index.php?rest_route=%2Fwp%2Fv2%2Fproduct_cat&post=836"},{"taxonomy":"product_tag","embeddable":true,"href":"https:\/\/jardinkangaroo.cl\/index.php?rest_route=%2Fwp%2Fv2%2Fproduct_tag&post=836"}],"curies":[{"name":"wp","href":"https:\/\/api.w.org\/{rel}","templated":true}]}}