{"id":299,"date":"2021-11-16T20:21:15","date_gmt":"2021-11-16T20:21:15","guid":{"rendered":"https:\/\/jardinkangaroo.cl\/?post_type=product&#038;p=299"},"modified":"2021-11-16T20:21:16","modified_gmt":"2021-11-16T20:21:16","slug":"taller-de-danza-infantil","status":"publish","type":"product","link":"https:\/\/jardinkangaroo.cl\/?product=taller-de-danza-infantil","title":{"rendered":"Taller de Danza Infantil"},"content":{"rendered":"<p>La edad es de 2 a\u00f1os 6 meses en adelante (los alumnos menores a esta edad ser\u00e1n evaluados para ver si pueden participar). Ellos se acercar\u00e1n l\u00fadicamente a un arte que combina armon\u00eda, disciplina, est\u00e9tica y goce del movimiento.<\/p>\n<p><strong>Profesoras de Danza:<\/strong> Nicol Mart\u00ednez y Ver\u00f3nica Jim\u00e9nez.<br \/>\n<strong>Duraci\u00f3n:<\/strong> 45 minutos, 2 veces por semana.<br \/>\n<strong>Vestimenta:<\/strong><br \/>\n\u2022 Ni\u00f1as: tut\u00fa y zapatillas de danza rosadas. El peinado es tomate a altura media (rodete).<br \/>\n\u2022 Ni\u00f1os: pantal\u00f3n de buzo o short y zapatillas de danza negras.<br \/>\n<strong>Valor:<\/strong> $25.000 mensual<\/p>\n","protected":false},"excerpt":{"rendered":"<p>La edad es de 2 a\u00f1os 6 meses en adelante (los alumnos menores a esta edad ser\u00e1n evaluados para ver si pueden participar). Ellos se acercar\u00e1n l\u00fadicamente a un arte que combina armon\u00eda, disciplina, est\u00e9tica y goce del movimiento. Profesoras de Danza: Nicol Mart\u00ednez y Ver\u00f3nica Jim\u00e9nez. Duraci\u00f3n: 45 minutos, 2 veces por semana. Vestimenta: [&hellip;]<\/p>\n","protected":false},"featured_media":0,"comment_status":"open","ping_status":"closed","template":"","meta":[],"product_cat":[20],"product_tag":[],"class_list":{"0":"post-299","1":"product","2":"type-product","3":"status-publish","5":"product_cat-talleres","7":"first","8":"instock","9":"taxable","10":"shipping-taxable","11":"purchasable","12":"product-type-simple"},"yoast_head":"<!-- This site is optimized with the Yoast SEO plugin v20.6 - https:\/\/yoast.com\/wordpress\/plugins\/seo\/ -->\n<title>Taller de Danza Infantil - Jard\u00edn Kangaroo<\/title>\n<meta name=\"robots\" content=\"index, follow, max-snippet:-1, max-image-preview:large, max-video-preview:-1\" \/>\n<link rel=\"canonical\" href=\"https:\/\/jardinkangaroo.cl\/?product=taller-de-danza-infantil\" \/>\n<meta property=\"og:locale\" content=\"es_ES\" \/>\n<meta property=\"og:type\" content=\"article\" \/>\n<meta property=\"og:title\" content=\"Taller de Danza Infantil - Jard\u00edn Kangaroo\" \/>\n<meta property=\"og:description\" content=\"La edad es de 2 a\u00f1os 6 meses en adelante (los alumnos menores a esta edad ser\u00e1n evaluados para ver si pueden participar). Ellos se acercar\u00e1n l\u00fadicamente a un arte que combina armon\u00eda, disciplina, est\u00e9tica y goce del movimiento. Profesoras de Danza: Nicol Mart\u00ednez y Ver\u00f3nica Jim\u00e9nez. Duraci\u00f3n: 45 minutos, 2 veces por semana. Vestimenta: [&hellip;]\" \/>\n<meta property=\"og:url\" content=\"https:\/\/jardinkangaroo.cl\/?product=taller-de-danza-infantil\" \/>\n<meta property=\"og:site_name\" content=\"Jard\u00edn Kangaroo\" \/>\n<meta property=\"article:modified_time\" content=\"2021-11-16T20:21:16+00:00\" \/>\n<meta property=\"og:image\" content=\"https:\/\/jardinkangaroo.cl\/wp-content\/uploads\/2021\/11\/kangaroo-jio-taller1.png\" \/>\n\t<meta property=\"og:image:width\" content=\"1200\" \/>\n\t<meta property=\"og:image:height\" content=\"1200\" \/>\n\t<meta property=\"og:image:type\" content=\"image\/png\" \/>\n<meta name=\"twitter:card\" content=\"summary_large_image\" \/>\n<script type=\"application\/ld+json\" class=\"yoast-schema-graph\">{\"@context\":\"https:\/\/schema.org\",\"@graph\":[{\"@type\":\"WebPage\",\"@id\":\"https:\/\/jardinkangaroo.cl\/?product=taller-de-danza-infantil\",\"url\":\"https:\/\/jardinkangaroo.cl\/?product=taller-de-danza-infantil\",\"name\":\"Taller de Danza Infantil - Jard\u00edn Kangaroo\",\"isPartOf\":{\"@id\":\"https:\/\/jardinkangaroo.cl\/#website\"},\"datePublished\":\"2021-11-16T20:21:15+00:00\",\"dateModified\":\"2021-11-16T20:21:16+00:00\",\"breadcrumb\":{\"@id\":\"https:\/\/jardinkangaroo.cl\/?product=taller-de-danza-infantil#breadcrumb\"},\"inLanguage\":\"es\",\"potentialAction\":[{\"@type\":\"ReadAction\",\"target\":[\"https:\/\/jardinkangaroo.cl\/?product=taller-de-danza-infantil\"]}]},{\"@type\":\"BreadcrumbList\",\"@id\":\"https:\/\/jardinkangaroo.cl\/?product=taller-de-danza-infantil#breadcrumb\",\"itemListElement\":[{\"@type\":\"ListItem\",\"position\":1,\"name\":\"Portada\",\"item\":\"https:\/\/jardinkangaroo.cl\/\"},{\"@type\":\"ListItem\",\"position\":2,\"name\":\"Tienda\",\"item\":\"https:\/\/jardinkangaroo.cl\/?page_id=6\"},{\"@type\":\"ListItem\",\"position\":3,\"name\":\"Taller de Danza Infantil\"}]},{\"@type\":\"WebSite\",\"@id\":\"https:\/\/jardinkangaroo.cl\/#website\",\"url\":\"https:\/\/jardinkangaroo.cl\/\",\"name\":\"Jard\u00edn Kangaroo\",\"description\":\"Jard\u00edn Infantil y Sala Cuna en Chicureo\",\"publisher\":{\"@id\":\"https:\/\/jardinkangaroo.cl\/#organization\"},\"potentialAction\":[{\"@type\":\"SearchAction\",\"target\":{\"@type\":\"EntryPoint\",\"urlTemplate\":\"https:\/\/jardinkangaroo.cl\/?s={search_term_string}\"},\"query-input\":\"required name=search_term_string\"}],\"inLanguage\":\"es\"},{\"@type\":\"Organization\",\"@id\":\"https:\/\/jardinkangaroo.cl\/#organization\",\"name\":\"Jard\u00edn Kangaroo\",\"url\":\"https:\/\/jardinkangaroo.cl\/\",\"logo\":{\"@type\":\"ImageObject\",\"inLanguage\":\"es\",\"@id\":\"https:\/\/jardinkangaroo.cl\/#\/schema\/logo\/image\/\",\"url\":\"https:\/\/jardinkangaroo.cl\/wp-content\/uploads\/2025\/02\/cropped-Wordmark.png\",\"contentUrl\":\"https:\/\/jardinkangaroo.cl\/wp-content\/uploads\/2025\/02\/cropped-Wordmark.png\",\"width\":318,\"height\":74,\"caption\":\"Jard\u00edn Kangaroo\"},\"image\":{\"@id\":\"https:\/\/jardinkangaroo.cl\/#\/schema\/logo\/image\/\"}}]}<\/script>\n<!-- \/ Yoast SEO plugin. -->","yoast_head_json":{"title":"Taller de Danza Infantil - Jard\u00edn Kangaroo","robots":{"index":"index","follow":"follow","max-snippet":"max-snippet:-1","max-image-preview":"max-image-preview:large","max-video-preview":"max-video-preview:-1"},"canonical":"https:\/\/jardinkangaroo.cl\/?product=taller-de-danza-infantil","og_locale":"es_ES","og_type":"article","og_title":"Taller de Danza Infantil - Jard\u00edn Kangaroo","og_description":"La edad es de 2 a\u00f1os 6 meses en adelante (los alumnos menores a esta edad ser\u00e1n evaluados para ver si pueden participar). Ellos se acercar\u00e1n l\u00fadicamente a un arte que combina armon\u00eda, disciplina, est\u00e9tica y goce del movimiento. Profesoras de Danza: Nicol Mart\u00ednez y Ver\u00f3nica Jim\u00e9nez. Duraci\u00f3n: 45 minutos, 2 veces por semana. Vestimenta: [&hellip;]","og_url":"https:\/\/jardinkangaroo.cl\/?product=taller-de-danza-infantil","og_site_name":"Jard\u00edn Kangaroo","article_modified_time":"2021-11-16T20:21:16+00:00","og_image":[{"width":1200,"height":1200,"url":"https:\/\/jardinkangaroo.cl\/wp-content\/uploads\/2021\/11\/kangaroo-jio-taller1.png","type":"image\/png"}],"twitter_card":"summary_large_image","schema":{"@context":"https:\/\/schema.org","@graph":[{"@type":"WebPage","@id":"https:\/\/jardinkangaroo.cl\/?product=taller-de-danza-infantil","url":"https:\/\/jardinkangaroo.cl\/?product=taller-de-danza-infantil","name":"Taller de Danza Infantil - Jard\u00edn Kangaroo","isPartOf":{"@id":"https:\/\/jardinkangaroo.cl\/#website"},"datePublished":"2021-11-16T20:21:15+00:00","dateModified":"2021-11-16T20:21:16+00:00","breadcrumb":{"@id":"https:\/\/jardinkangaroo.cl\/?product=taller-de-danza-infantil#breadcrumb"},"inLanguage":"es","potentialAction":[{"@type":"ReadAction","target":["https:\/\/jardinkangaroo.cl\/?product=taller-de-danza-infantil"]}]},{"@type":"BreadcrumbList","@id":"https:\/\/jardinkangaroo.cl\/?product=taller-de-danza-infantil#breadcrumb","itemListElement":[{"@type":"ListItem","position":1,"name":"Portada","item":"https:\/\/jardinkangaroo.cl\/"},{"@type":"ListItem","position":2,"name":"Tienda","item":"https:\/\/jardinkangaroo.cl\/?page_id=6"},{"@type":"ListItem","position":3,"name":"Taller de Danza Infantil"}]},{"@type":"WebSite","@id":"https:\/\/jardinkangaroo.cl\/#website","url":"https:\/\/jardinkangaroo.cl\/","name":"Jard\u00edn Kangaroo","description":"Jard\u00edn Infantil y Sala Cuna en Chicureo","publisher":{"@id":"https:\/\/jardinkangaroo.cl\/#organization"},"potentialAction":[{"@type":"SearchAction","target":{"@type":"EntryPoint","urlTemplate":"https:\/\/jardinkangaroo.cl\/?s={search_term_string}"},"query-input":"required name=search_term_string"}],"inLanguage":"es"},{"@type":"Organization","@id":"https:\/\/jardinkangaroo.cl\/#organization","name":"Jard\u00edn Kangaroo","url":"https:\/\/jardinkangaroo.cl\/","logo":{"@type":"ImageObject","inLanguage":"es","@id":"https:\/\/jardinkangaroo.cl\/#\/schema\/logo\/image\/","url":"https:\/\/jardinkangaroo.cl\/wp-content\/uploads\/2025\/02\/cropped-Wordmark.png","contentUrl":"https:\/\/jardinkangaroo.cl\/wp-content\/uploads\/2025\/02\/cropped-Wordmark.png","width":318,"height":74,"caption":"Jard\u00edn Kangaroo"},"image":{"@id":"https:\/\/jardinkangaroo.cl\/#\/schema\/logo\/image\/"}}]}},"_links":{"self":[{"href":"https:\/\/jardinkangaroo.cl\/index.php?rest_route=\/wp\/v3\/product\/299","targetHints":{"allow":["GET"]}}],"collection":[{"href":"https:\/\/jardinkangaroo.cl\/index.php?rest_route=\/wp\/v3\/product"}],"about":[{"href":"https:\/\/jardinkangaroo.cl\/index.php?rest_route=\/wp\/v2\/types\/product"}],"replies":[{"embeddable":true,"href":"https:\/\/jardinkangaroo.cl\/index.php?rest_route=%2Fwp%2Fv2%2Fcomments&post=299"}],"wp:attachment":[{"href":"https:\/\/jardinkangaroo.cl\/index.php?rest_route=%2Fwp%2Fv2%2Fmedia&parent=299"}],"wp:term":[{"taxonomy":"product_cat","embeddable":true,"href":"https:\/\/jardinkangaroo.cl\/index.php?rest_route=%2Fwp%2Fv2%2Fproduct_cat&post=299"},{"taxonomy":"product_tag","embeddable":true,"href":"https:\/\/jardinkangaroo.cl\/index.php?rest_route=%2Fwp%2Fv2%2Fproduct_tag&post=299"}],"curies":[{"name":"wp","href":"https:\/\/api.w.org\/{rel}","templated":true}]}}